{"id":148,"date":"2018-03-27T15:41:40","date_gmt":"2018-03-27T13:41:40","guid":{"rendered":"http:\/\/gommascope.org\/?page_id=148"},"modified":"2023-10-16T11:01:19","modified_gmt":"2023-10-16T09:01:19","slug":"photographie-animation","status":"publish","type":"page","link":"https:\/\/gommascope.org\/index.php\/ateliers\/photographie-animation\/","title":{"rendered":"Photo anim\u00e9e"},"content":{"rendered":"<p><strong>ATELIER PHOTOGRAPHIE ANIM\u00c9E<br \/>\n<\/strong>Anim\u00e9 par Nicolas Boug\u00e8re et Julie Hauber<\/p>\n<p><img loading=\"lazy\" decoding=\"async\" class=\"wp-image-196 size-medium alignright\" src=\"https:\/\/gommascope.org\/wp-content\/uploads\/2018\/03\/photoanim-e1522246512489-300x140.png\" alt=\"\" width=\"300\" height=\"140\" srcset=\"https:\/\/gommascope.org\/wp-content\/uploads\/2018\/03\/photoanim-e1522246512489-300x140.png 300w, https:\/\/gommascope.org\/wp-content\/uploads\/2018\/03\/photoanim-e1522246512489.png 692w\" sizes=\"auto, (max-width: 300px) 100vw, 300px\" \/><\/p>\n<p align=\"LEFT\">Cet atelier permet aux participants de cr\u00e9er une courte s\u00e9quence anim\u00e9e (environ 5 secondes) en employant des techniques photographiques et d\u2019animation traditionnelles.<\/p>\n<p>PUBLIC : 9-16 ans<br \/>\nDUR\u00c9E : 12h sur 2 jours<\/p>\n<p>OBJECTIFS<\/p>\n<p><img loading=\"lazy\" decoding=\"async\" class=\"wp-image-198 size-thumbnail alignleft\" src=\"https:\/\/gommascope.org\/wp-content\/uploads\/2018\/03\/photoanim3-150x150.png\" alt=\"\" width=\"150\" height=\"150\" srcset=\"https:\/\/gommascope.org\/wp-content\/uploads\/2018\/03\/photoanim3-150x150.png 150w, https:\/\/gommascope.org\/wp-content\/uploads\/2018\/03\/photoanim3-300x300.png 300w, https:\/\/gommascope.org\/wp-content\/uploads\/2018\/03\/photoanim3.png 595w\" sizes=\"auto, (max-width: 150px) 100vw, 150px\" \/><\/p>\n<ul>\n<li>faire d\u00e9couvrir aux \u00e9l\u00e8ves les principes de bases de la photographie et du cin\u00e9ma d\u2019animation au moyen d\u2019outils et de techniques faciles \u00e0 mettre en \u0153uvre,<\/li>\n<li>s\u2019initier \u00e0 la photographie en d\u00e9couvrant un proc\u00e9d\u00e9 alternatif et ancien,<\/li>\n<li>s\u2019initier \u00e0 l\u2019animation \u00e0 travers la d\u00e9couverte de deux techniques traditionnelles,<\/li>\n<li>d\u00e9couvrir 2 champs de la photographie : le portrait et la photographie surr\u00e9aliste,<\/li>\n<li>exprimer sa cr\u00e9ativit\u00e9 et son imagination.<\/li>\n<\/ul>\n<p align=\"JUSTIFY\">Consultez le lien suivant pour visualiser deux exemples de s\u00e9quences : <span lang=\"zxx\"><a href=\"https:\/\/vimeo.com\/251291480\">https:\/\/vimeo.com\/251291480<\/a><\/span> (Les films r\u00e9alis\u00e9s lors d&rsquo;atelier contenant les portraits des \u00e9l\u00e8ves, ils n&rsquo;ont pas \u00e9t\u00e9 mis sur youtube)<\/p>\n<p><strong>Pour une documentation plus compl\u00e8te (d\u00e9roulement, tarifs, mat\u00e9riel) , t\u00e9l\u00e9chargez la plaquette de l&rsquo;<a href=\"https:\/\/gommascope.org\/wp-content\/uploads\/2018\/03\/Atelier-La-ptite-s\u00e9quence_photo_animation.pdf\">Atelier La p&rsquo;tite s\u00e9quence<\/a>.<\/strong><\/p>\n","protected":false},"excerpt":{"rendered":"<p>ATELIER PHOTOGRAPHIE ANIM\u00c9E Anim\u00e9 par Nicolas Boug\u00e8re et Julie Hauber Cet atelier permet aux participants de cr\u00e9er une courte s\u00e9quence anim\u00e9e (environ 5 secondes) en employant des techniques photographiques et d\u2019animation traditionnelles. PUBLIC : 9-16 ans DUR\u00c9E : 12h sur 2 jours OBJECTIFS faire d\u00e9couvrir aux \u00e9l\u00e8ves les principes de bases de la photographie et [&hellip;]<\/p>\n","protected":false},"author":1,"featured_media":0,"parent":131,"menu_order":0,"comment_status":"closed","ping_status":"closed","template":"","meta":{"footnotes":""},"class_list":["post-148","page","type-page","status-publish","hentry"],"yoast_head":"<!-- This site is optimized with the Yoast SEO plugin v26.3 - https:\/\/yoast.com\/wordpress\/plugins\/seo\/ -->\n<title>Photo anim\u00e9e - Le Gommascope<\/title>\n<meta name=\"robots\" content=\"index, follow, max-snippet:-1, max-image-preview:large, max-video-preview:-1\" \/>\n<link rel=\"canonical\" href=\"https:\/\/gommascope.org\/index.php\/ateliers\/photographie-animation\/\" \/>\n<meta property=\"og:locale\" content=\"fr_FR\" \/>\n<meta property=\"og:type\" content=\"article\" \/>\n<meta property=\"og:title\" content=\"Photo anim\u00e9e - Le Gommascope\" \/>\n<meta property=\"og:description\" content=\"ATELIER PHOTOGRAPHIE ANIM\u00c9E Anim\u00e9 par Nicolas Boug\u00e8re et Julie Hauber Cet atelier permet aux participants de cr\u00e9er une courte s\u00e9quence anim\u00e9e (environ 5 secondes) en employant des techniques photographiques et d\u2019animation traditionnelles. PUBLIC : 9-16 ans DUR\u00c9E : 12h sur 2 jours OBJECTIFS faire d\u00e9couvrir aux \u00e9l\u00e8ves les principes de bases de la photographie et [&hellip;]\" \/>\n<meta property=\"og:url\" content=\"https:\/\/gommascope.org\/index.php\/ateliers\/photographie-animation\/\" \/>\n<meta property=\"og:site_name\" content=\"Le Gommascope\" \/>\n<meta property=\"article:modified_time\" content=\"2023-10-16T09:01:19+00:00\" \/>\n<meta property=\"og:image\" content=\"http:\/\/gommascope.org\/wp-content\/uploads\/2018\/03\/photoanim-e1522246512489-300x140.png\" \/>\n<meta name=\"twitter:card\" content=\"summary_large_image\" \/>\n<meta name=\"twitter:label1\" content=\"Dur\u00e9e de lecture estim\u00e9e\" \/>\n\t<meta name=\"twitter:data1\" content=\"2 minutes\" \/>\n<script type=\"application\/ld+json\" class=\"yoast-schema-graph\">{\"@context\":\"https:\/\/schema.org\",\"@graph\":[{\"@type\":\"WebPage\",\"@id\":\"https:\/\/gommascope.org\/index.php\/ateliers\/photographie-animation\/\",\"url\":\"https:\/\/gommascope.org\/index.php\/ateliers\/photographie-animation\/\",\"name\":\"Photo anim\u00e9e - Le Gommascope\",\"isPartOf\":{\"@id\":\"https:\/\/gommascope.org\/#website\"},\"primaryImageOfPage\":{\"@id\":\"https:\/\/gommascope.org\/index.php\/ateliers\/photographie-animation\/#primaryimage\"},\"image\":{\"@id\":\"https:\/\/gommascope.org\/index.php\/ateliers\/photographie-animation\/#primaryimage\"},\"thumbnailUrl\":\"http:\/\/gommascope.org\/wp-content\/uploads\/2018\/03\/photoanim-e1522246512489-300x140.png\",\"datePublished\":\"2018-03-27T13:41:40+00:00\",\"dateModified\":\"2023-10-16T09:01:19+00:00\",\"breadcrumb\":{\"@id\":\"https:\/\/gommascope.org\/index.php\/ateliers\/photographie-animation\/#breadcrumb\"},\"inLanguage\":\"fr-FR\",\"potentialAction\":[{\"@type\":\"ReadAction\",\"target\":[\"https:\/\/gommascope.org\/index.php\/ateliers\/photographie-animation\/\"]}]},{\"@type\":\"ImageObject\",\"inLanguage\":\"fr-FR\",\"@id\":\"https:\/\/gommascope.org\/index.php\/ateliers\/photographie-animation\/#primaryimage\",\"url\":\"http:\/\/gommascope.org\/wp-content\/uploads\/2018\/03\/photoanim-e1522246512489-300x140.png\",\"contentUrl\":\"http:\/\/gommascope.org\/wp-content\/uploads\/2018\/03\/photoanim-e1522246512489-300x140.png\"},{\"@type\":\"BreadcrumbList\",\"@id\":\"https:\/\/gommascope.org\/index.php\/ateliers\/photographie-animation\/#breadcrumb\",\"itemListElement\":[{\"@type\":\"ListItem\",\"position\":1,\"name\":\"Accueil\",\"item\":\"https:\/\/gommascope.org\/\"},{\"@type\":\"ListItem\",\"position\":2,\"name\":\"Nos ateliers\",\"item\":\"https:\/\/gommascope.org\/index.php\/ateliers\/\"},{\"@type\":\"ListItem\",\"position\":3,\"name\":\"Photo anim\u00e9e\"}]},{\"@type\":\"WebSite\",\"@id\":\"https:\/\/gommascope.org\/#website\",\"url\":\"https:\/\/gommascope.org\/\",\"name\":\"Le Gommascope\",\"description\":\"Ateliers de cr\u00e9ation artistique et d\u2019\u00e9ducation \u00e0 l\u2019image\",\"publisher\":{\"@id\":\"https:\/\/gommascope.org\/#organization\"},\"potentialAction\":[{\"@type\":\"SearchAction\",\"target\":{\"@type\":\"EntryPoint\",\"urlTemplate\":\"https:\/\/gommascope.org\/?s={search_term_string}\"},\"query-input\":{\"@type\":\"PropertyValueSpecification\",\"valueRequired\":true,\"valueName\":\"search_term_string\"}}],\"inLanguage\":\"fr-FR\"},{\"@type\":\"Organization\",\"@id\":\"https:\/\/gommascope.org\/#organization\",\"name\":\"Le Gommascope\",\"url\":\"https:\/\/gommascope.org\/\",\"logo\":{\"@type\":\"ImageObject\",\"inLanguage\":\"fr-FR\",\"@id\":\"https:\/\/gommascope.org\/#\/schema\/logo\/image\/\",\"url\":\"https:\/\/gommascope.org\/wp-content\/uploads\/2023\/10\/logo-webp.webp\",\"contentUrl\":\"https:\/\/gommascope.org\/wp-content\/uploads\/2023\/10\/logo-webp.webp\",\"width\":92,\"height\":92,\"caption\":\"Le Gommascope\"},\"image\":{\"@id\":\"https:\/\/gommascope.org\/#\/schema\/logo\/image\/\"}}]}<\/script>\n<!-- \/ Yoast SEO plugin. -->","yoast_head_json":{"title":"Photo anim\u00e9e - Le Gommascope","robots":{"index":"index","follow":"follow","max-snippet":"max-snippet:-1","max-image-preview":"max-image-preview:large","max-video-preview":"max-video-preview:-1"},"canonical":"https:\/\/gommascope.org\/index.php\/ateliers\/photographie-animation\/","og_locale":"fr_FR","og_type":"article","og_title":"Photo anim\u00e9e - Le Gommascope","og_description":"ATELIER PHOTOGRAPHIE ANIM\u00c9E Anim\u00e9 par Nicolas Boug\u00e8re et Julie Hauber Cet atelier permet aux participants de cr\u00e9er une courte s\u00e9quence anim\u00e9e (environ 5 secondes) en employant des techniques photographiques et d\u2019animation traditionnelles. PUBLIC : 9-16 ans DUR\u00c9E : 12h sur 2 jours OBJECTIFS faire d\u00e9couvrir aux \u00e9l\u00e8ves les principes de bases de la photographie et [&hellip;]","og_url":"https:\/\/gommascope.org\/index.php\/ateliers\/photographie-animation\/","og_site_name":"Le Gommascope","article_modified_time":"2023-10-16T09:01:19+00:00","og_image":[{"url":"http:\/\/gommascope.org\/wp-content\/uploads\/2018\/03\/photoanim-e1522246512489-300x140.png","type":"","width":"","height":""}],"twitter_card":"summary_large_image","twitter_misc":{"Dur\u00e9e de lecture estim\u00e9e":"2 minutes"},"schema":{"@context":"https:\/\/schema.org","@graph":[{"@type":"WebPage","@id":"https:\/\/gommascope.org\/index.php\/ateliers\/photographie-animation\/","url":"https:\/\/gommascope.org\/index.php\/ateliers\/photographie-animation\/","name":"Photo anim\u00e9e - Le Gommascope","isPartOf":{"@id":"https:\/\/gommascope.org\/#website"},"primaryImageOfPage":{"@id":"https:\/\/gommascope.org\/index.php\/ateliers\/photographie-animation\/#primaryimage"},"image":{"@id":"https:\/\/gommascope.org\/index.php\/ateliers\/photographie-animation\/#primaryimage"},"thumbnailUrl":"http:\/\/gommascope.org\/wp-content\/uploads\/2018\/03\/photoanim-e1522246512489-300x140.png","datePublished":"2018-03-27T13:41:40+00:00","dateModified":"2023-10-16T09:01:19+00:00","breadcrumb":{"@id":"https:\/\/gommascope.org\/index.php\/ateliers\/photographie-animation\/#breadcrumb"},"inLanguage":"fr-FR","potentialAction":[{"@type":"ReadAction","target":["https:\/\/gommascope.org\/index.php\/ateliers\/photographie-animation\/"]}]},{"@type":"ImageObject","inLanguage":"fr-FR","@id":"https:\/\/gommascope.org\/index.php\/ateliers\/photographie-animation\/#primaryimage","url":"http:\/\/gommascope.org\/wp-content\/uploads\/2018\/03\/photoanim-e1522246512489-300x140.png","contentUrl":"http:\/\/gommascope.org\/wp-content\/uploads\/2018\/03\/photoanim-e1522246512489-300x140.png"},{"@type":"BreadcrumbList","@id":"https:\/\/gommascope.org\/index.php\/ateliers\/photographie-animation\/#breadcrumb","itemListElement":[{"@type":"ListItem","position":1,"name":"Accueil","item":"https:\/\/gommascope.org\/"},{"@type":"ListItem","position":2,"name":"Nos ateliers","item":"https:\/\/gommascope.org\/index.php\/ateliers\/"},{"@type":"ListItem","position":3,"name":"Photo anim\u00e9e"}]},{"@type":"WebSite","@id":"https:\/\/gommascope.org\/#website","url":"https:\/\/gommascope.org\/","name":"Le Gommascope","description":"Ateliers de cr\u00e9ation artistique et d\u2019\u00e9ducation \u00e0 l\u2019image","publisher":{"@id":"https:\/\/gommascope.org\/#organization"},"potentialAction":[{"@type":"SearchAction","target":{"@type":"EntryPoint","urlTemplate":"https:\/\/gommascope.org\/?s={search_term_string}"},"query-input":{"@type":"PropertyValueSpecification","valueRequired":true,"valueName":"search_term_string"}}],"inLanguage":"fr-FR"},{"@type":"Organization","@id":"https:\/\/gommascope.org\/#organization","name":"Le Gommascope","url":"https:\/\/gommascope.org\/","logo":{"@type":"ImageObject","inLanguage":"fr-FR","@id":"https:\/\/gommascope.org\/#\/schema\/logo\/image\/","url":"https:\/\/gommascope.org\/wp-content\/uploads\/2023\/10\/logo-webp.webp","contentUrl":"https:\/\/gommascope.org\/wp-content\/uploads\/2023\/10\/logo-webp.webp","width":92,"height":92,"caption":"Le Gommascope"},"image":{"@id":"https:\/\/gommascope.org\/#\/schema\/logo\/image\/"}}]}},"_links":{"self":[{"href":"https:\/\/gommascope.org\/index.php\/wp-json\/wp\/v2\/pages\/148","targetHints":{"allow":["GET"]}}],"collection":[{"href":"https:\/\/gommascope.org\/index.php\/wp-json\/wp\/v2\/pages"}],"about":[{"href":"https:\/\/gommascope.org\/index.php\/wp-json\/wp\/v2\/types\/page"}],"author":[{"embeddable":true,"href":"https:\/\/gommascope.org\/index.php\/wp-json\/wp\/v2\/users\/1"}],"replies":[{"embeddable":true,"href":"https:\/\/gommascope.org\/index.php\/wp-json\/wp\/v2\/comments?post=148"}],"version-history":[{"count":8,"href":"https:\/\/gommascope.org\/index.php\/wp-json\/wp\/v2\/pages\/148\/revisions"}],"predecessor-version":[{"id":647,"href":"https:\/\/gommascope.org\/index.php\/wp-json\/wp\/v2\/pages\/148\/revisions\/647"}],"up":[{"embeddable":true,"href":"https:\/\/gommascope.org\/index.php\/wp-json\/wp\/v2\/pages\/131"}],"wp:attachment":[{"href":"https:\/\/gommascope.org\/index.php\/wp-json\/wp\/v2\/media?parent=148"}],"curies":[{"name":"wp","href":"https:\/\/api.w.org\/{rel}","templated":true}]}}