{"id":151,"date":"2018-03-27T16:05:49","date_gmt":"2018-03-27T14:05:49","guid":{"rendered":"http:\/\/gommascope.org\/?page_id=151"},"modified":"2025-09-09T11:08:59","modified_gmt":"2025-09-09T09:08:59","slug":"equipe","status":"publish","type":"page","link":"https:\/\/gommascope.org\/index.php\/equipe\/","title":{"rendered":"\u00c9quipe"},"content":{"rendered":"\n<figure class=\"wp-block-image alignleft size-thumbnail has-custom-border\"><img loading=\"lazy\" decoding=\"async\" width=\"150\" height=\"150\" src=\"https:\/\/gommascope.org\/wp-content\/uploads\/2018\/03\/photonico-150x150.png\" alt=\"\" class=\"wp-image-143\" style=\"border-radius:0px\" srcset=\"https:\/\/gommascope.org\/wp-content\/uploads\/2018\/03\/photonico-150x150.png 150w, https:\/\/gommascope.org\/wp-content\/uploads\/2018\/03\/photonico.png 195w\" sizes=\"auto, (max-width: 150px) 100vw, 150px\" \/><\/figure>\n\n\n\n<p>N\u00e9 en 1986, <strong>Nicolas Boug\u00e8re<\/strong> \u00e9tudie l\u2019image, la gravure et l\u2019animation \u00e0 l\u2019EESI o\u00f9 il obtient son Dipl\u00f4me national d\u2019art plastique avec les f\u00e9licitations du jury. Il travaille ensuite pendant 4 ans \u00e0 l\u2019Atelier AAA o\u00f9 il a fait de l\u2019\u00e9ducation \u00e0 l\u2019image dans des \u00e9coles, des festivals (FIFA \u00e0 Annecy, FICAM \u00e0 Meknes, VAFI \u00e0 Vara\u017edin) et r\u00e9alise diff\u00e9rents projets d\u2019animation ; M.S.T, court-m\u00e9trage co-r\u00e9alis\u00e9 avec Alexis De Jesus Costa, \u00c9lodie Mar\u00e9chal et Vivien Fran\u00e7ois ; la carte de v\u0153ux 2013 de la ville d\u2019Annecy et de nombreuse exp\u00e9riences d\u2019animation sur des films tr\u00e8s court, des boucles, des concours&#8230; En 2015, il commence \u00e0 travailler \u00e0 Gloomywood sur le jeu vid\u00e9o de Frederick Raynal \u00ab2 dark\u00bb, il cr\u00e9e et anime les personnages du jeu en utilisant une technique exp\u00e9rimentale en voxels. Nicolas Boug\u00e8re est maintenant install\u00e9 en tant qu\u2019illustrateur et animateur 2d ind\u00e9pendant \u00e0 Lyon. Ce qui lui permet de r\u00e9pondre \u00e0 des commandes, de faire des ateliers, et de d\u00e9velopper son univers et son style sur des projets d\u2019animation, d\u2019illustration et de bande dessin\u00e9e.<br><a href=\"http:\/\/z-uo.com\/\">z-uo.com\/<\/a><\/p>\n\n\n\n<figure class=\"wp-block-image alignleft size-thumbnail has-custom-border\"><img loading=\"lazy\" decoding=\"async\" width=\"150\" height=\"150\" src=\"https:\/\/gommascope.org\/wp-content\/uploads\/2018\/03\/portrait_rond_julie-150x150.png\" alt=\"\" class=\"wp-image-158\" style=\"border-radius:0px\" srcset=\"https:\/\/gommascope.org\/wp-content\/uploads\/2018\/03\/portrait_rond_julie-150x150.png 150w, https:\/\/gommascope.org\/wp-content\/uploads\/2018\/03\/portrait_rond_julie.png 283w\" sizes=\"auto, (max-width: 150px) 100vw, 150px\" \/><\/figure>\n\n\n\n<p>N\u00e9e en 1984, <strong>Julie Hauber<\/strong> est photographe autodidacte. Elle partage son temps entre l&rsquo;\u00e9criture et la r\u00e9alisation de reportages au long cours, des travaux exp\u00e9rimentaux qui lui permettent d&rsquo;explorer l&rsquo;univers des proc\u00e9d\u00e9s anciens et des ateliers photographiques aupr\u00e8s de publics divers.<br>Elle travaille r\u00e9guli\u00e8rement avec d&rsquo;autres artistes afin de donner une dimension suppl\u00e9mentaire au travail photographique qu&rsquo;elle m\u00e8ne (mise en sc\u00e8ne de photographies via l&rsquo;intervention de com\u00e9diens, travail avec des artistes plasticiens sur des installations m\u00ealant photographie et arts plastiques). Elle b\u00e9n\u00e9ficie \u00e9galement d&rsquo;une exp\u00e9rience dans le montage et l&rsquo;animation de projets p\u00e9dagogiques en milieu scolaire et extra-scolaire, ayant \u00e9t\u00e9 charg\u00e9e de mission en \u00e9ducation au sein d&rsquo;une association de solidarit\u00e9 internationale avant de devenir photographe. En 2021, elle se forme comme photographe intervenante au sein du <a href=\"https:\/\/reseau-diagonal.com\/\">R\u00e9seau Diagonal<\/a>.<br>Elle vit \u00e0 Voiron et travaille entre Lyon et Grenoble.<br><a href=\"http:\/\/www.juliehauber.fr\">www.juliehauber.fr<\/a><\/p>\n\n\n\n<figure class=\"wp-block-image alignleft size-thumbnail has-custom-border\"><img loading=\"lazy\" decoding=\"async\" width=\"150\" height=\"150\" src=\"https:\/\/gommascope.org\/wp-content\/uploads\/2018\/03\/Autoportrait_rond-150x150.png\" alt=\"\" class=\"wp-image-152\" style=\"border-radius:0px\" srcset=\"https:\/\/gommascope.org\/wp-content\/uploads\/2018\/03\/Autoportrait_rond-150x150.png 150w, https:\/\/gommascope.org\/wp-content\/uploads\/2018\/03\/Autoportrait_rond-300x300.png 300w, https:\/\/gommascope.org\/wp-content\/uploads\/2018\/03\/Autoportrait_rond-768x768.png 768w, https:\/\/gommascope.org\/wp-content\/uploads\/2018\/03\/Autoportrait_rond-1024x1024.png 1024w, https:\/\/gommascope.org\/wp-content\/uploads\/2018\/03\/Autoportrait_rond.png 1446w\" sizes=\"auto, (max-width: 150px) 100vw, 150px\" \/><\/figure>\n\n\n\n<p><strong>Amandine Puntous<\/strong> est n\u00e9e en 1984 et originaire de Haute-Loire. Elle cultive un go\u00fbt prononc\u00e9 pour le dessin, les histoires, les voyages et les rencontres. Dipl\u00f4m\u00e9e de l\u2019\u00e9cole \u00c9mile Cohl en 2006, elle commence d\u00e8s lors \u00e0 exercer le m\u00e9tier d\u2019auteure de bande-dessin\u00e9e et illustratrice.<br>Elle a r\u00e9alis\u00e9 de nombreux carnets de voyages et publi\u00e9 aux \u00c9ditions Casterman, La Martini\u00e8re, Petit \u00e0 Petit, La Bo\u00eete \u00e0 Bulles, Vilo Jeunesse, l\u2019\u00c9lan Vert, Terre et Humanisme, Actes Sud&#8230; Elle travaille aussi r\u00e9guli\u00e8rement pour des agences de communication et aime transmettre sa passion aupr\u00e8s des plus jeunes (\u00e9coles, coll\u00e8ge, lyc\u00e9e,m\u00e9diath\u00e8ques, Institut Fran\u00e7ais et centres socio-culturels).<br><a href=\"https:\/\/amandinepuntous.com\/\">www.amandinepuntous.com<\/a><\/p>\n\n\n\n<p><\/p>\n","protected":false},"excerpt":{"rendered":"<p>N\u00e9 en 1986, Nicolas Boug\u00e8re \u00e9tudie l\u2019image, la gravure et l\u2019animation \u00e0 l\u2019EESI o\u00f9 il obtient son Dipl\u00f4me national d\u2019art plastique avec les f\u00e9licitations du jury. Il travaille ensuite pendant 4 ans \u00e0 l\u2019Atelier AAA o\u00f9 il a fait de l\u2019\u00e9ducation \u00e0 l\u2019image dans des \u00e9coles, des festivals (FIFA \u00e0 Annecy, FICAM \u00e0 Meknes, VAFI [&hellip;]<\/p>\n","protected":false},"author":1,"featured_media":623,"parent":0,"menu_order":1,"comment_status":"closed","ping_status":"closed","template":"","meta":{"footnotes":""},"class_list":["post-151","page","type-page","status-publish","has-post-thumbnail","hentry"],"yoast_head":"<!-- This site is optimized with the Yoast SEO plugin v26.3 - https:\/\/yoast.com\/wordpress\/plugins\/seo\/ -->\n<title>\u00c9quipe - Le Gommascope<\/title>\n<meta name=\"robots\" content=\"index, follow, max-snippet:-1, max-image-preview:large, max-video-preview:-1\" \/>\n<link rel=\"canonical\" href=\"https:\/\/gommascope.org\/index.php\/equipe\/\" \/>\n<meta property=\"og:locale\" content=\"fr_FR\" \/>\n<meta property=\"og:type\" content=\"article\" \/>\n<meta property=\"og:title\" content=\"\u00c9quipe - Le Gommascope\" \/>\n<meta property=\"og:description\" content=\"N\u00e9 en 1986, Nicolas Boug\u00e8re \u00e9tudie l\u2019image, la gravure et l\u2019animation \u00e0 l\u2019EESI o\u00f9 il obtient son Dipl\u00f4me national d\u2019art plastique avec les f\u00e9licitations du jury. Il travaille ensuite pendant 4 ans \u00e0 l\u2019Atelier AAA o\u00f9 il a fait de l\u2019\u00e9ducation \u00e0 l\u2019image dans des \u00e9coles, des festivals (FIFA \u00e0 Annecy, FICAM \u00e0 Meknes, VAFI [&hellip;]\" \/>\n<meta property=\"og:url\" content=\"https:\/\/gommascope.org\/index.php\/equipe\/\" \/>\n<meta property=\"og:site_name\" content=\"Le Gommascope\" \/>\n<meta property=\"article:modified_time\" content=\"2025-09-09T09:08:59+00:00\" \/>\n<meta property=\"og:image\" content=\"https:\/\/gommascope.org\/wp-content\/uploads\/2023\/10\/vlcsnap-2023-10-13-16h37m38s247-1024x576.png\" \/>\n\t<meta property=\"og:image:width\" content=\"1024\" \/>\n\t<meta property=\"og:image:height\" content=\"576\" \/>\n\t<meta property=\"og:image:type\" content=\"image\/png\" \/>\n<meta name=\"twitter:card\" content=\"summary_large_image\" \/>\n<meta name=\"twitter:label1\" content=\"Dur\u00e9e de lecture estim\u00e9e\" \/>\n\t<meta name=\"twitter:data1\" content=\"3 minutes\" \/>\n<script type=\"application\/ld+json\" class=\"yoast-schema-graph\">{\"@context\":\"https:\/\/schema.org\",\"@graph\":[{\"@type\":\"WebPage\",\"@id\":\"https:\/\/gommascope.org\/index.php\/equipe\/\",\"url\":\"https:\/\/gommascope.org\/index.php\/equipe\/\",\"name\":\"\u00c9quipe - Le Gommascope\",\"isPartOf\":{\"@id\":\"https:\/\/gommascope.org\/#website\"},\"primaryImageOfPage\":{\"@id\":\"https:\/\/gommascope.org\/index.php\/equipe\/#primaryimage\"},\"image\":{\"@id\":\"https:\/\/gommascope.org\/index.php\/equipe\/#primaryimage\"},\"thumbnailUrl\":\"https:\/\/gommascope.org\/wp-content\/uploads\/2023\/10\/vlcsnap-2023-10-13-16h37m38s247.png\",\"datePublished\":\"2018-03-27T14:05:49+00:00\",\"dateModified\":\"2025-09-09T09:08:59+00:00\",\"breadcrumb\":{\"@id\":\"https:\/\/gommascope.org\/index.php\/equipe\/#breadcrumb\"},\"inLanguage\":\"fr-FR\",\"potentialAction\":[{\"@type\":\"ReadAction\",\"target\":[\"https:\/\/gommascope.org\/index.php\/equipe\/\"]}]},{\"@type\":\"ImageObject\",\"inLanguage\":\"fr-FR\",\"@id\":\"https:\/\/gommascope.org\/index.php\/equipe\/#primaryimage\",\"url\":\"https:\/\/gommascope.org\/wp-content\/uploads\/2023\/10\/vlcsnap-2023-10-13-16h37m38s247.png\",\"contentUrl\":\"https:\/\/gommascope.org\/wp-content\/uploads\/2023\/10\/vlcsnap-2023-10-13-16h37m38s247.png\",\"width\":1920,\"height\":1080},{\"@type\":\"BreadcrumbList\",\"@id\":\"https:\/\/gommascope.org\/index.php\/equipe\/#breadcrumb\",\"itemListElement\":[{\"@type\":\"ListItem\",\"position\":1,\"name\":\"Accueil\",\"item\":\"https:\/\/gommascope.org\/\"},{\"@type\":\"ListItem\",\"position\":2,\"name\":\"\u00c9quipe\"}]},{\"@type\":\"WebSite\",\"@id\":\"https:\/\/gommascope.org\/#website\",\"url\":\"https:\/\/gommascope.org\/\",\"name\":\"Le Gommascope\",\"description\":\"Ateliers de cr\u00e9ation artistique et d\u2019\u00e9ducation \u00e0 l\u2019image\",\"publisher\":{\"@id\":\"https:\/\/gommascope.org\/#organization\"},\"potentialAction\":[{\"@type\":\"SearchAction\",\"target\":{\"@type\":\"EntryPoint\",\"urlTemplate\":\"https:\/\/gommascope.org\/?s={search_term_string}\"},\"query-input\":{\"@type\":\"PropertyValueSpecification\",\"valueRequired\":true,\"valueName\":\"search_term_string\"}}],\"inLanguage\":\"fr-FR\"},{\"@type\":\"Organization\",\"@id\":\"https:\/\/gommascope.org\/#organization\",\"name\":\"Le Gommascope\",\"url\":\"https:\/\/gommascope.org\/\",\"logo\":{\"@type\":\"ImageObject\",\"inLanguage\":\"fr-FR\",\"@id\":\"https:\/\/gommascope.org\/#\/schema\/logo\/image\/\",\"url\":\"https:\/\/gommascope.org\/wp-content\/uploads\/2023\/10\/logo-webp.webp\",\"contentUrl\":\"https:\/\/gommascope.org\/wp-content\/uploads\/2023\/10\/logo-webp.webp\",\"width\":92,\"height\":92,\"caption\":\"Le Gommascope\"},\"image\":{\"@id\":\"https:\/\/gommascope.org\/#\/schema\/logo\/image\/\"}}]}<\/script>\n<!-- \/ Yoast SEO plugin. -->","yoast_head_json":{"title":"\u00c9quipe - Le Gommascope","robots":{"index":"index","follow":"follow","max-snippet":"max-snippet:-1","max-image-preview":"max-image-preview:large","max-video-preview":"max-video-preview:-1"},"canonical":"https:\/\/gommascope.org\/index.php\/equipe\/","og_locale":"fr_FR","og_type":"article","og_title":"\u00c9quipe - Le Gommascope","og_description":"N\u00e9 en 1986, Nicolas Boug\u00e8re \u00e9tudie l\u2019image, la gravure et l\u2019animation \u00e0 l\u2019EESI o\u00f9 il obtient son Dipl\u00f4me national d\u2019art plastique avec les f\u00e9licitations du jury. Il travaille ensuite pendant 4 ans \u00e0 l\u2019Atelier AAA o\u00f9 il a fait de l\u2019\u00e9ducation \u00e0 l\u2019image dans des \u00e9coles, des festivals (FIFA \u00e0 Annecy, FICAM \u00e0 Meknes, VAFI [&hellip;]","og_url":"https:\/\/gommascope.org\/index.php\/equipe\/","og_site_name":"Le Gommascope","article_modified_time":"2025-09-09T09:08:59+00:00","og_image":[{"width":1024,"height":576,"url":"https:\/\/gommascope.org\/wp-content\/uploads\/2023\/10\/vlcsnap-2023-10-13-16h37m38s247-1024x576.png","type":"image\/png"}],"twitter_card":"summary_large_image","twitter_misc":{"Dur\u00e9e de lecture estim\u00e9e":"3 minutes"},"schema":{"@context":"https:\/\/schema.org","@graph":[{"@type":"WebPage","@id":"https:\/\/gommascope.org\/index.php\/equipe\/","url":"https:\/\/gommascope.org\/index.php\/equipe\/","name":"\u00c9quipe - Le Gommascope","isPartOf":{"@id":"https:\/\/gommascope.org\/#website"},"primaryImageOfPage":{"@id":"https:\/\/gommascope.org\/index.php\/equipe\/#primaryimage"},"image":{"@id":"https:\/\/gommascope.org\/index.php\/equipe\/#primaryimage"},"thumbnailUrl":"https:\/\/gommascope.org\/wp-content\/uploads\/2023\/10\/vlcsnap-2023-10-13-16h37m38s247.png","datePublished":"2018-03-27T14:05:49+00:00","dateModified":"2025-09-09T09:08:59+00:00","breadcrumb":{"@id":"https:\/\/gommascope.org\/index.php\/equipe\/#breadcrumb"},"inLanguage":"fr-FR","potentialAction":[{"@type":"ReadAction","target":["https:\/\/gommascope.org\/index.php\/equipe\/"]}]},{"@type":"ImageObject","inLanguage":"fr-FR","@id":"https:\/\/gommascope.org\/index.php\/equipe\/#primaryimage","url":"https:\/\/gommascope.org\/wp-content\/uploads\/2023\/10\/vlcsnap-2023-10-13-16h37m38s247.png","contentUrl":"https:\/\/gommascope.org\/wp-content\/uploads\/2023\/10\/vlcsnap-2023-10-13-16h37m38s247.png","width":1920,"height":1080},{"@type":"BreadcrumbList","@id":"https:\/\/gommascope.org\/index.php\/equipe\/#breadcrumb","itemListElement":[{"@type":"ListItem","position":1,"name":"Accueil","item":"https:\/\/gommascope.org\/"},{"@type":"ListItem","position":2,"name":"\u00c9quipe"}]},{"@type":"WebSite","@id":"https:\/\/gommascope.org\/#website","url":"https:\/\/gommascope.org\/","name":"Le Gommascope","description":"Ateliers de cr\u00e9ation artistique et d\u2019\u00e9ducation \u00e0 l\u2019image","publisher":{"@id":"https:\/\/gommascope.org\/#organization"},"potentialAction":[{"@type":"SearchAction","target":{"@type":"EntryPoint","urlTemplate":"https:\/\/gommascope.org\/?s={search_term_string}"},"query-input":{"@type":"PropertyValueSpecification","valueRequired":true,"valueName":"search_term_string"}}],"inLanguage":"fr-FR"},{"@type":"Organization","@id":"https:\/\/gommascope.org\/#organization","name":"Le Gommascope","url":"https:\/\/gommascope.org\/","logo":{"@type":"ImageObject","inLanguage":"fr-FR","@id":"https:\/\/gommascope.org\/#\/schema\/logo\/image\/","url":"https:\/\/gommascope.org\/wp-content\/uploads\/2023\/10\/logo-webp.webp","contentUrl":"https:\/\/gommascope.org\/wp-content\/uploads\/2023\/10\/logo-webp.webp","width":92,"height":92,"caption":"Le Gommascope"},"image":{"@id":"https:\/\/gommascope.org\/#\/schema\/logo\/image\/"}}]}},"_links":{"self":[{"href":"https:\/\/gommascope.org\/index.php\/wp-json\/wp\/v2\/pages\/151","targetHints":{"allow":["GET"]}}],"collection":[{"href":"https:\/\/gommascope.org\/index.php\/wp-json\/wp\/v2\/pages"}],"about":[{"href":"https:\/\/gommascope.org\/index.php\/wp-json\/wp\/v2\/types\/page"}],"author":[{"embeddable":true,"href":"https:\/\/gommascope.org\/index.php\/wp-json\/wp\/v2\/users\/1"}],"replies":[{"embeddable":true,"href":"https:\/\/gommascope.org\/index.php\/wp-json\/wp\/v2\/comments?post=151"}],"version-history":[{"count":27,"href":"https:\/\/gommascope.org\/index.php\/wp-json\/wp\/v2\/pages\/151\/revisions"}],"predecessor-version":[{"id":751,"href":"https:\/\/gommascope.org\/index.php\/wp-json\/wp\/v2\/pages\/151\/revisions\/751"}],"wp:featuredmedia":[{"embeddable":true,"href":"https:\/\/gommascope.org\/index.php\/wp-json\/wp\/v2\/media\/623"}],"wp:attachment":[{"href":"https:\/\/gommascope.org\/index.php\/wp-json\/wp\/v2\/media?parent=151"}],"curies":[{"name":"wp","href":"https:\/\/api.w.org\/{rel}","templated":true}]}}