{"id":23,"date":"2018-03-25T17:06:17","date_gmt":"2018-03-25T15:06:17","guid":{"rendered":"http:\/\/gommascope.org\/?page_id=23"},"modified":"2024-05-07T15:03:38","modified_gmt":"2024-05-07T13:03:38","slug":"photographie","status":"publish","type":"page","link":"https:\/\/gommascope.org\/index.php\/ateliers\/photographie\/","title":{"rendered":"Photographie"},"content":{"rendered":"\n<figure class=\"wp-block-image size-large\"><img loading=\"lazy\" decoding=\"async\" width=\"724\" height=\"1024\" src=\"https:\/\/gommascope.org\/wp-content\/uploads\/2024\/05\/Plaquette-2024-2025_p0_pour-site-724x1024.jpg\" alt=\"\" class=\"wp-image-688\" srcset=\"https:\/\/gommascope.org\/wp-content\/uploads\/2024\/05\/Plaquette-2024-2025_p0_pour-site-724x1024.jpg 724w, https:\/\/gommascope.org\/wp-content\/uploads\/2024\/05\/Plaquette-2024-2025_p0_pour-site-212x300.jpg 212w, https:\/\/gommascope.org\/wp-content\/uploads\/2024\/05\/Plaquette-2024-2025_p0_pour-site-768x1086.jpg 768w, https:\/\/gommascope.org\/wp-content\/uploads\/2024\/05\/Plaquette-2024-2025_p0_pour-site-1086x1536.jpg 1086w, https:\/\/gommascope.org\/wp-content\/uploads\/2024\/05\/Plaquette-2024-2025_p0_pour-site-1448x2048.jpg 1448w, https:\/\/gommascope.org\/wp-content\/uploads\/2024\/05\/Plaquette-2024-2025_p0_pour-site-1320x1867.jpg 1320w, https:\/\/gommascope.org\/wp-content\/uploads\/2024\/05\/Plaquette-2024-2025_p0_pour-site.jpg 1772w\" sizes=\"auto, (max-width: 724px) 100vw, 724px\" \/><\/figure>\n\n\n\n<p>Anim\u00e9s par Julie Hauber et Claire Gillet<\/p>\n\n\n\n<p><strong>OBJECTIFS<\/strong><\/p>\n\n\n\n<p>A travers ces ateliers et projets de cr\u00e9ation photographique, nous souhaitons proposer plus qu\u2019une simple d\u00e9couverte de la photographie. Voici ce qui nous meut&nbsp;:<\/p>\n\n\n\n<ul class=\"wp-block-list\">\n<li>Inviter tous types de publics \u00e0 s\u2019int\u00e9resser aux images photographiques \u00e0 travers la d\u00e9couverte d\u2019\u0153uvres et d\u2019artistes contemporain.e.s,<\/li>\n\n\n\n<li>Proposer aux participants de r\u00e9fl\u00e9chir et de s\u2019exprimer via la photographie,<\/li>\n\n\n\n<li>Proposer \u00e0 certains publics de reprendre confiance en eux, de gagner en assurance gr\u00e2ce \u00e0 la pratique de la photographie,<\/li>\n\n\n\n<li>Inviter les participant.e.s \u00e0 d\u00e9couvrir ce qu\u2019est un processus cr\u00e9atif, et \u00e0 mener un projet de cr\u00e9ation photographique d\u2019un bout \u00e0 l\u2019autre (r\u00e9flexion, production, valorisation\/diffusion),<\/li>\n\n\n\n<li>Inviter les publics des ateliers \u00e0 participer \u00e0 des projets collectifs, \u00e0 exp\u00e9rimenter et \u00e0 jouer.<\/li>\n<\/ul>\n\n\n\n<hr class=\"wp-block-separator has-css-opacity\"\/>\n\n\n\n<p><strong>ATELIERS PROPOS\u00c9S<\/strong><\/p>\n\n\n\n<figure class=\"wp-block-image size-large\"><img loading=\"lazy\" decoding=\"async\" width=\"1024\" height=\"1021\" src=\"https:\/\/gommascope.org\/wp-content\/uploads\/2024\/05\/LaV-FBuisson-NM-def-10-scaled-e1715086800899-1024x1021.jpg\" alt=\"\" class=\"wp-image-693\" srcset=\"https:\/\/gommascope.org\/wp-content\/uploads\/2024\/05\/LaV-FBuisson-NM-def-10-scaled-e1715086800899-1024x1021.jpg 1024w, https:\/\/gommascope.org\/wp-content\/uploads\/2024\/05\/LaV-FBuisson-NM-def-10-scaled-e1715086800899-300x300.jpg 300w, https:\/\/gommascope.org\/wp-content\/uploads\/2024\/05\/LaV-FBuisson-NM-def-10-scaled-e1715086800899-150x150.jpg 150w, https:\/\/gommascope.org\/wp-content\/uploads\/2024\/05\/LaV-FBuisson-NM-def-10-scaled-e1715086800899-768x766.jpg 768w, https:\/\/gommascope.org\/wp-content\/uploads\/2024\/05\/LaV-FBuisson-NM-def-10-scaled-e1715086800899-1536x1532.jpg 1536w, https:\/\/gommascope.org\/wp-content\/uploads\/2024\/05\/LaV-FBuisson-NM-def-10-scaled-e1715086800899-1320x1317.jpg 1320w, https:\/\/gommascope.org\/wp-content\/uploads\/2024\/05\/LaV-FBuisson-NM-def-10-scaled-e1715086800899.jpg 2018w\" sizes=\"auto, (max-width: 1024px) 100vw, 1024px\" \/><figcaption class=\"wp-element-caption\"><sub><em>Il ne nous reste que la tendresse \/ dans le cadre du Festival Livres \u00e0 Vous \/ Lyc\u00e9e Ferdinand Buisson\/ Voiron (38)\/2023<\/em><\/sub><\/figcaption><\/figure>\n\n\n\n<p><strong>LA DECOUVERTE \/ ateliers courts<\/strong><\/p>\n\n\n\n<p>Ces ateliers, <strong>sur un temps court<\/strong>, ont pour but de s\u2019initier \u00e0 la photographie, sous toutes ses formes. Ils peuvent \u00eatre un pr\u00e9alable au montage d\u2019un projet de cr\u00e9ation photographique (cf La fabrique).<\/p>\n\n\n\n<p>Dur\u00e9e&nbsp;: 1 \u00e0 2 jours d\u2019atelier (5 \u00e0 10h de face \u00e0 face)<\/p>\n\n\n\n<p><\/p>\n\n\n\n<p><strong>LA FABRIQUE \/ projets de cr\u00e9ation<\/strong><\/p>\n\n\n\n<p>Il s\u2019agit de projets de cr\u00e9ation photographiques co-construits <strong>sur un temps plus long<\/strong> (20h de face \u00e0 face minimum).<\/p>\n\n\n\n<p>Nous choisissons ensemble la th\u00e9matique que vous souhaitez aborder avec votre public. Nous en d\u00e9finissons les grands contours. A partir de l\u00e0, nous construisons le projet&nbsp;: d\u00e9marche photographique et techniques employ\u00e9es, modalit\u00e9s d\u2019intervention, intervenants, valorisation finale (choix du support et modalit\u00e9s de diffusion) et financement.<\/p>\n\n\n\n<p>N\u2019h\u00e9sitez pas \u00e0 nous consulter suffisamment en amont (en janvier-f\u00e9vrier de l\u2019ann\u00e9e N pour un projet pr\u00e9vu pour l\u2019ann\u00e9e scolaire N \/ N+1)<\/p>\n\n\n\n<p>Dur\u00e9e\u00a0: 20h de face \u00e0 face minimum<\/p>\n\n\n\n<p><strong>Financement : possibilit\u00e9 de recourir au Pass Culture.<\/strong><\/p>\n\n\n\n<p><strong>Pour une documentation plus compl\u00e8te, t\u00e9l\u00e9chargez la plaquette de l&rsquo;<a href=\"https:\/\/gommascope.org\/wp-content\/uploads\/2024\/05\/Ateliers-photo_2024_2025.pdf\" target=\"_blank\" rel=\"noreferrer noopener\">Atelier de photographie<\/a>.<\/strong><\/p>\n","protected":false},"excerpt":{"rendered":"<p>Anim\u00e9s par Julie Hauber et Claire Gillet OBJECTIFS A travers ces ateliers et projets de cr\u00e9ation photographique, nous souhaitons proposer plus qu\u2019une simple d\u00e9couverte de la photographie. Voici ce qui nous meut&nbsp;: ATELIERS PROPOS\u00c9S LA DECOUVERTE \/ ateliers courts Ces ateliers, sur un temps court, ont pour but de s\u2019initier \u00e0 la photographie, sous toutes [&hellip;]<\/p>\n","protected":false},"author":1,"featured_media":0,"parent":131,"menu_order":0,"comment_status":"closed","ping_status":"closed","template":"","meta":{"footnotes":""},"class_list":["post-23","page","type-page","status-publish","hentry"],"yoast_head":"<!-- This site is optimized with the Yoast SEO plugin v26.3 - https:\/\/yoast.com\/wordpress\/plugins\/seo\/ -->\n<title>Photographie - Le Gommascope<\/title>\n<meta name=\"robots\" content=\"index, follow, max-snippet:-1, max-image-preview:large, max-video-preview:-1\" \/>\n<link rel=\"canonical\" href=\"https:\/\/gommascope.org\/index.php\/ateliers\/photographie\/\" \/>\n<meta property=\"og:locale\" content=\"fr_FR\" \/>\n<meta property=\"og:type\" content=\"article\" \/>\n<meta property=\"og:title\" content=\"Photographie - Le Gommascope\" \/>\n<meta property=\"og:description\" content=\"Anim\u00e9s par Julie Hauber et Claire Gillet OBJECTIFS A travers ces ateliers et projets de cr\u00e9ation photographique, nous souhaitons proposer plus qu\u2019une simple d\u00e9couverte de la photographie. Voici ce qui nous meut&nbsp;: ATELIERS PROPOS\u00c9S LA DECOUVERTE \/ ateliers courts Ces ateliers, sur un temps court, ont pour but de s\u2019initier \u00e0 la photographie, sous toutes [&hellip;]\" \/>\n<meta property=\"og:url\" content=\"https:\/\/gommascope.org\/index.php\/ateliers\/photographie\/\" \/>\n<meta property=\"og:site_name\" content=\"Le Gommascope\" \/>\n<meta property=\"article:modified_time\" content=\"2024-05-07T13:03:38+00:00\" \/>\n<meta property=\"og:image\" content=\"https:\/\/gommascope.org\/wp-content\/uploads\/2024\/05\/Plaquette-2024-2025_p0_pour-site-724x1024.jpg\" \/>\n<meta name=\"twitter:card\" content=\"summary_large_image\" \/>\n<meta name=\"twitter:label1\" content=\"Dur\u00e9e de lecture estim\u00e9e\" \/>\n\t<meta name=\"twitter:data1\" content=\"3 minutes\" \/>\n<script type=\"application\/ld+json\" class=\"yoast-schema-graph\">{\"@context\":\"https:\/\/schema.org\",\"@graph\":[{\"@type\":\"WebPage\",\"@id\":\"https:\/\/gommascope.org\/index.php\/ateliers\/photographie\/\",\"url\":\"https:\/\/gommascope.org\/index.php\/ateliers\/photographie\/\",\"name\":\"Photographie - Le Gommascope\",\"isPartOf\":{\"@id\":\"https:\/\/gommascope.org\/#website\"},\"primaryImageOfPage\":{\"@id\":\"https:\/\/gommascope.org\/index.php\/ateliers\/photographie\/#primaryimage\"},\"image\":{\"@id\":\"https:\/\/gommascope.org\/index.php\/ateliers\/photographie\/#primaryimage\"},\"thumbnailUrl\":\"https:\/\/gommascope.org\/wp-content\/uploads\/2024\/05\/Plaquette-2024-2025_p0_pour-site-724x1024.jpg\",\"datePublished\":\"2018-03-25T15:06:17+00:00\",\"dateModified\":\"2024-05-07T13:03:38+00:00\",\"breadcrumb\":{\"@id\":\"https:\/\/gommascope.org\/index.php\/ateliers\/photographie\/#breadcrumb\"},\"inLanguage\":\"fr-FR\",\"potentialAction\":[{\"@type\":\"ReadAction\",\"target\":[\"https:\/\/gommascope.org\/index.php\/ateliers\/photographie\/\"]}]},{\"@type\":\"ImageObject\",\"inLanguage\":\"fr-FR\",\"@id\":\"https:\/\/gommascope.org\/index.php\/ateliers\/photographie\/#primaryimage\",\"url\":\"https:\/\/gommascope.org\/wp-content\/uploads\/2024\/05\/Plaquette-2024-2025_p0_pour-site.jpg\",\"contentUrl\":\"https:\/\/gommascope.org\/wp-content\/uploads\/2024\/05\/Plaquette-2024-2025_p0_pour-site.jpg\",\"width\":1772,\"height\":2506},{\"@type\":\"BreadcrumbList\",\"@id\":\"https:\/\/gommascope.org\/index.php\/ateliers\/photographie\/#breadcrumb\",\"itemListElement\":[{\"@type\":\"ListItem\",\"position\":1,\"name\":\"Accueil\",\"item\":\"https:\/\/gommascope.org\/\"},{\"@type\":\"ListItem\",\"position\":2,\"name\":\"Nos ateliers\",\"item\":\"https:\/\/gommascope.org\/index.php\/ateliers\/\"},{\"@type\":\"ListItem\",\"position\":3,\"name\":\"Photographie\"}]},{\"@type\":\"WebSite\",\"@id\":\"https:\/\/gommascope.org\/#website\",\"url\":\"https:\/\/gommascope.org\/\",\"name\":\"Le Gommascope\",\"description\":\"Ateliers de cr\u00e9ation artistique et d\u2019\u00e9ducation \u00e0 l\u2019image\",\"publisher\":{\"@id\":\"https:\/\/gommascope.org\/#organization\"},\"potentialAction\":[{\"@type\":\"SearchAction\",\"target\":{\"@type\":\"EntryPoint\",\"urlTemplate\":\"https:\/\/gommascope.org\/?s={search_term_string}\"},\"query-input\":{\"@type\":\"PropertyValueSpecification\",\"valueRequired\":true,\"valueName\":\"search_term_string\"}}],\"inLanguage\":\"fr-FR\"},{\"@type\":\"Organization\",\"@id\":\"https:\/\/gommascope.org\/#organization\",\"name\":\"Le Gommascope\",\"url\":\"https:\/\/gommascope.org\/\",\"logo\":{\"@type\":\"ImageObject\",\"inLanguage\":\"fr-FR\",\"@id\":\"https:\/\/gommascope.org\/#\/schema\/logo\/image\/\",\"url\":\"https:\/\/gommascope.org\/wp-content\/uploads\/2023\/10\/logo-webp.webp\",\"contentUrl\":\"https:\/\/gommascope.org\/wp-content\/uploads\/2023\/10\/logo-webp.webp\",\"width\":92,\"height\":92,\"caption\":\"Le Gommascope\"},\"image\":{\"@id\":\"https:\/\/gommascope.org\/#\/schema\/logo\/image\/\"}}]}<\/script>\n<!-- \/ Yoast SEO plugin. -->","yoast_head_json":{"title":"Photographie - Le Gommascope","robots":{"index":"index","follow":"follow","max-snippet":"max-snippet:-1","max-image-preview":"max-image-preview:large","max-video-preview":"max-video-preview:-1"},"canonical":"https:\/\/gommascope.org\/index.php\/ateliers\/photographie\/","og_locale":"fr_FR","og_type":"article","og_title":"Photographie - Le Gommascope","og_description":"Anim\u00e9s par Julie Hauber et Claire Gillet OBJECTIFS A travers ces ateliers et projets de cr\u00e9ation photographique, nous souhaitons proposer plus qu\u2019une simple d\u00e9couverte de la photographie. Voici ce qui nous meut&nbsp;: ATELIERS PROPOS\u00c9S LA DECOUVERTE \/ ateliers courts Ces ateliers, sur un temps court, ont pour but de s\u2019initier \u00e0 la photographie, sous toutes [&hellip;]","og_url":"https:\/\/gommascope.org\/index.php\/ateliers\/photographie\/","og_site_name":"Le Gommascope","article_modified_time":"2024-05-07T13:03:38+00:00","og_image":[{"url":"https:\/\/gommascope.org\/wp-content\/uploads\/2024\/05\/Plaquette-2024-2025_p0_pour-site-724x1024.jpg","type":"","width":"","height":""}],"twitter_card":"summary_large_image","twitter_misc":{"Dur\u00e9e de lecture estim\u00e9e":"3 minutes"},"schema":{"@context":"https:\/\/schema.org","@graph":[{"@type":"WebPage","@id":"https:\/\/gommascope.org\/index.php\/ateliers\/photographie\/","url":"https:\/\/gommascope.org\/index.php\/ateliers\/photographie\/","name":"Photographie - Le Gommascope","isPartOf":{"@id":"https:\/\/gommascope.org\/#website"},"primaryImageOfPage":{"@id":"https:\/\/gommascope.org\/index.php\/ateliers\/photographie\/#primaryimage"},"image":{"@id":"https:\/\/gommascope.org\/index.php\/ateliers\/photographie\/#primaryimage"},"thumbnailUrl":"https:\/\/gommascope.org\/wp-content\/uploads\/2024\/05\/Plaquette-2024-2025_p0_pour-site-724x1024.jpg","datePublished":"2018-03-25T15:06:17+00:00","dateModified":"2024-05-07T13:03:38+00:00","breadcrumb":{"@id":"https:\/\/gommascope.org\/index.php\/ateliers\/photographie\/#breadcrumb"},"inLanguage":"fr-FR","potentialAction":[{"@type":"ReadAction","target":["https:\/\/gommascope.org\/index.php\/ateliers\/photographie\/"]}]},{"@type":"ImageObject","inLanguage":"fr-FR","@id":"https:\/\/gommascope.org\/index.php\/ateliers\/photographie\/#primaryimage","url":"https:\/\/gommascope.org\/wp-content\/uploads\/2024\/05\/Plaquette-2024-2025_p0_pour-site.jpg","contentUrl":"https:\/\/gommascope.org\/wp-content\/uploads\/2024\/05\/Plaquette-2024-2025_p0_pour-site.jpg","width":1772,"height":2506},{"@type":"BreadcrumbList","@id":"https:\/\/gommascope.org\/index.php\/ateliers\/photographie\/#breadcrumb","itemListElement":[{"@type":"ListItem","position":1,"name":"Accueil","item":"https:\/\/gommascope.org\/"},{"@type":"ListItem","position":2,"name":"Nos ateliers","item":"https:\/\/gommascope.org\/index.php\/ateliers\/"},{"@type":"ListItem","position":3,"name":"Photographie"}]},{"@type":"WebSite","@id":"https:\/\/gommascope.org\/#website","url":"https:\/\/gommascope.org\/","name":"Le Gommascope","description":"Ateliers de cr\u00e9ation artistique et d\u2019\u00e9ducation \u00e0 l\u2019image","publisher":{"@id":"https:\/\/gommascope.org\/#organization"},"potentialAction":[{"@type":"SearchAction","target":{"@type":"EntryPoint","urlTemplate":"https:\/\/gommascope.org\/?s={search_term_string}"},"query-input":{"@type":"PropertyValueSpecification","valueRequired":true,"valueName":"search_term_string"}}],"inLanguage":"fr-FR"},{"@type":"Organization","@id":"https:\/\/gommascope.org\/#organization","name":"Le Gommascope","url":"https:\/\/gommascope.org\/","logo":{"@type":"ImageObject","inLanguage":"fr-FR","@id":"https:\/\/gommascope.org\/#\/schema\/logo\/image\/","url":"https:\/\/gommascope.org\/wp-content\/uploads\/2023\/10\/logo-webp.webp","contentUrl":"https:\/\/gommascope.org\/wp-content\/uploads\/2023\/10\/logo-webp.webp","width":92,"height":92,"caption":"Le Gommascope"},"image":{"@id":"https:\/\/gommascope.org\/#\/schema\/logo\/image\/"}}]}},"_links":{"self":[{"href":"https:\/\/gommascope.org\/index.php\/wp-json\/wp\/v2\/pages\/23","targetHints":{"allow":["GET"]}}],"collection":[{"href":"https:\/\/gommascope.org\/index.php\/wp-json\/wp\/v2\/pages"}],"about":[{"href":"https:\/\/gommascope.org\/index.php\/wp-json\/wp\/v2\/types\/page"}],"author":[{"embeddable":true,"href":"https:\/\/gommascope.org\/index.php\/wp-json\/wp\/v2\/users\/1"}],"replies":[{"embeddable":true,"href":"https:\/\/gommascope.org\/index.php\/wp-json\/wp\/v2\/comments?post=23"}],"version-history":[{"count":58,"href":"https:\/\/gommascope.org\/index.php\/wp-json\/wp\/v2\/pages\/23\/revisions"}],"predecessor-version":[{"id":696,"href":"https:\/\/gommascope.org\/index.php\/wp-json\/wp\/v2\/pages\/23\/revisions\/696"}],"up":[{"embeddable":true,"href":"https:\/\/gommascope.org\/index.php\/wp-json\/wp\/v2\/pages\/131"}],"wp:attachment":[{"href":"https:\/\/gommascope.org\/index.php\/wp-json\/wp\/v2\/media?parent=23"}],"curies":[{"name":"wp","href":"https:\/\/api.w.org\/{rel}","templated":true}]}}