{"id":24,"date":"2018-03-25T17:06:17","date_gmt":"2018-03-25T15:06:17","guid":{"rendered":"http:\/\/gommascope.org\/?page_id=24"},"modified":"2025-09-09T14:38:28","modified_gmt":"2025-09-09T12:38:28","slug":"atelier-stop-motion","status":"publish","type":"page","link":"https:\/\/gommascope.org\/index.php\/ateliers\/atelier-stop-motion\/","title":{"rendered":"Atelier stop-motion \/ cin\u00e9ma d&rsquo;animation"},"content":{"rendered":"\n<figure class=\"wp-block-image size-large\"><img loading=\"lazy\" decoding=\"async\" width=\"1024\" height=\"576\" src=\"https:\/\/gommascope.org\/wp-content\/uploads\/2025\/06\/DSC_8436-1024x576.jpg\" alt=\"\" class=\"wp-image-738\" srcset=\"https:\/\/gommascope.org\/wp-content\/uploads\/2025\/06\/DSC_8436-1024x576.jpg 1024w, https:\/\/gommascope.org\/wp-content\/uploads\/2025\/06\/DSC_8436-300x169.jpg 300w, https:\/\/gommascope.org\/wp-content\/uploads\/2025\/06\/DSC_8436-768x432.jpg 768w, https:\/\/gommascope.org\/wp-content\/uploads\/2025\/06\/DSC_8436-1536x864.jpg 1536w, https:\/\/gommascope.org\/wp-content\/uploads\/2025\/06\/DSC_8436-2048x1152.jpg 2048w, https:\/\/gommascope.org\/wp-content\/uploads\/2025\/06\/DSC_8436-1320x743.jpg 1320w\" sizes=\"auto, (max-width: 1024px) 100vw, 1024px\" \/><\/figure>\n\n\n\n<p><\/p>\n\n\n\n<p>Atelier de d\u00e9couverte du cin\u00e9ma d\u2019animation et r\u00e9alisation collective d\u2019un court-m\u00e9trage en stop-motion \u00e0 Lyon et en Rh\u00f4ne-Alpes, depuis le sc\u00e9nario jusqu\u2019aux bruitages \u00e0 r\u00e9aliser avec votre classe, centre de loisir, MJC&#8230;<\/p>\n\n\n\n<figure class=\"wp-block-image alignleft size-full is-resized has-custom-border wp-duotone-unset-1\"><img loading=\"lazy\" decoding=\"async\" width=\"1556\" height=\"844\" src=\"https:\/\/gommascope.org\/wp-content\/uploads\/2025\/06\/banc.png\" alt=\"\" class=\"wp-image-722\" style=\"border-radius:0px;aspect-ratio:2.142857142857143;object-fit:cover;width:341px;height:auto\" srcset=\"https:\/\/gommascope.org\/wp-content\/uploads\/2025\/06\/banc.png 1556w, https:\/\/gommascope.org\/wp-content\/uploads\/2025\/06\/banc-300x163.png 300w, https:\/\/gommascope.org\/wp-content\/uploads\/2025\/06\/banc-1024x555.png 1024w, https:\/\/gommascope.org\/wp-content\/uploads\/2025\/06\/banc-768x417.png 768w, https:\/\/gommascope.org\/wp-content\/uploads\/2025\/06\/banc-1536x833.png 1536w, https:\/\/gommascope.org\/wp-content\/uploads\/2025\/06\/banc-1320x716.png 1320w\" sizes=\"auto, (max-width: 1556px) 100vw, 1556px\" \/><\/figure>\n\n\n\n<ul class=\"wp-block-list\">\n<li>Faire d\u00e9couvrir aux \u00e9l\u00e8ves les diff\u00e9rentes \u00e9tapes de la r\u00e9alisation de films et les principes de base du cin\u00e9ma d\u2019animation \u00e0 travers diff\u00e9rentes techniques traditionnelles.<\/li>\n\n\n\n<li>Participer \u00e0 un projet en communs ou chacun apportera une id\u00e9e, un personnage, quelques secondes d\u2019animation, un bruitage&#8230;<\/li>\n\n\n\n<li>D\u00e9couvrir la diversit\u00e9 du cin\u00e9ma d\u2019animation.<\/li>\n\n\n\n<li>Exprimer sa cr\u00e9ativit\u00e9 et son imagination.<\/li>\n\n\n\n<li>D\u00e9couvrir la diversit\u00e9 et la richesse du court-m\u00e9trage d\u2019auteur.<\/li>\n<\/ul>\n\n\n\n<figure class=\"wp-block-image alignright size-medium\"><img loading=\"lazy\" decoding=\"async\" width=\"300\" height=\"169\" src=\"https:\/\/gommascope.org\/wp-content\/uploads\/2023\/10\/DSCPDC_0000_BURST20210602145409201-300x169.jpg\" alt=\"le tournage lors d'un atelier cin\u00e9ma d'animation\" class=\"wp-image-646\" srcset=\"https:\/\/gommascope.org\/wp-content\/uploads\/2023\/10\/DSCPDC_0000_BURST20210602145409201-300x169.jpg 300w, https:\/\/gommascope.org\/wp-content\/uploads\/2023\/10\/DSCPDC_0000_BURST20210602145409201-1024x576.jpg 1024w, https:\/\/gommascope.org\/wp-content\/uploads\/2023\/10\/DSCPDC_0000_BURST20210602145409201-768x432.jpg 768w, https:\/\/gommascope.org\/wp-content\/uploads\/2023\/10\/DSCPDC_0000_BURST20210602145409201-1536x864.jpg 1536w, https:\/\/gommascope.org\/wp-content\/uploads\/2023\/10\/DSCPDC_0000_BURST20210602145409201-2048x1152.jpg 2048w, https:\/\/gommascope.org\/wp-content\/uploads\/2023\/10\/DSCPDC_0000_BURST20210602145409201-1320x743.jpg 1320w\" sizes=\"auto, (max-width: 300px) 100vw, 300px\" \/><\/figure>\n\n\n\n<p><strong>Dur\u00e9e :<\/strong> de 3 h pour une courte session de d\u00e9couverte \u00e0 30 heures pour la r\u00e9alisation collective d\u2019un court m\u00e9trage<br><strong>Public :<\/strong> 5 &#8211; 18 ans<br>Atelier anim\u00e9 par Nicolas Boug\u00e8re &#8211; <a href=\"https:\/\/z-uo.com\">https:\/\/z-uo.com<\/a><br>Possibilit\u00e9s de financement par la daac (adage) ou le pass-culture<\/p>\n\n\n\n<p class=\"has-text-align-left\">Pour une documentation plus compl\u00e8te (d\u00e9roulement, mat\u00e9riel, tarif) :<\/p>\n\n\n\n<div class=\"wp-block-button has-custom-width wp-block-button__width-25\"><a class=\"wp-block-button__link wp-element-button\" href=\"https:\/\/gommascope.org\/wp-content\/uploads\/2025\/06\/Atelier-stopmotion.pdf\" target=\"_blank\" rel=\"noreferrer noopener\">T\u00e9l\u00e9charger la plaquette<\/a><\/div>\n\n\n\n<hr class=\"wp-block-separator has-css-opacity\"\/>\n\n\n\n<figure class=\"wp-block-image alignright size-full is-resized\"><img loading=\"lazy\" decoding=\"async\" width=\"1305\" height=\"552\" src=\"https:\/\/gommascope.org\/wp-content\/uploads\/2025\/06\/flip.png\" alt=\"\" class=\"wp-image-723\" style=\"width:351px;height:auto\" srcset=\"https:\/\/gommascope.org\/wp-content\/uploads\/2025\/06\/flip.png 1305w, https:\/\/gommascope.org\/wp-content\/uploads\/2025\/06\/flip-300x127.png 300w, https:\/\/gommascope.org\/wp-content\/uploads\/2025\/06\/flip-1024x433.png 1024w, https:\/\/gommascope.org\/wp-content\/uploads\/2025\/06\/flip-768x325.png 768w\" sizes=\"auto, (max-width: 1305px) 100vw, 1305px\" \/><\/figure>\n\n\n\n<h2 class=\"wp-block-heading\"><strong>FILMS D&rsquo;ATELIERS STOP-MOTION:<\/strong><\/h2>\n\n\n\n<p>Voici quelques exemples de films d\u2019atelier cin\u00e9ma d&rsquo;animation r\u00e9alis\u00e9s dans diff\u00e9rentes \u00e9coles de lyon et de sa r\u00e9gion :<\/p>\n\n\n\n<h3 class=\"wp-block-heading\">L\u2019aventure myst\u00e9rieuse de Toby le lapin<\/h3>\n\n\n\n<p>Un court m\u00e9trage d\u2019animation r\u00e9alis\u00e9 par les \u00e9l\u00e8ves de Ce2 de l\u2019\u00e9cole Montvallon \u00e0 Lissieu lors d\u2019un atelier stopmotion.<\/p>\n\n\n\n<figure class=\"wp-block-embed is-type-video is-provider-youtube wp-block-embed-youtube wp-embed-aspect-16-9 wp-has-aspect-ratio\"><div class=\"wp-block-embed__wrapper\">\n<iframe loading=\"lazy\" title=\"L&#039;aventure myst\u00e9rieuse de Toby le lapin\" width=\"500\" height=\"281\" src=\"https:\/\/www.youtube.com\/embed\/Wv6JF_LpT8c?feature=oembed\" frameborder=\"0\" allow=\"accelerometer; autoplay; clipboard-write; encrypted-media; gyroscope; picture-in-picture; web-share\" referrerpolicy=\"strict-origin-when-cross-origin\" allowfullscreen><\/iframe>\n<\/div><\/figure>\n\n\n\n<h3 class=\"wp-block-heading\">Braquage au mus\u00e9e<\/h3>\n\n\n\n<p>Un court m\u00e9trage en papier d\u00e9coup\u00e9 r\u00e9alis\u00e9 par les \u00e9l\u00e8ves de CM1 de l&rsquo;\u00e9cole Saint-Maurice \u00e0 Lyon en 2019<\/p>\n\n\n\n<figure class=\"wp-block-embed is-type-video is-provider-youtube wp-block-embed-youtube wp-embed-aspect-16-9 wp-has-aspect-ratio\"><div class=\"wp-block-embed__wrapper\">\n<iframe loading=\"lazy\" title=\"braquage au mus\u00e9e\" width=\"500\" height=\"281\" src=\"https:\/\/www.youtube.com\/embed\/4YyAriHWYQI?feature=oembed\" frameborder=\"0\" allow=\"accelerometer; autoplay; clipboard-write; encrypted-media; gyroscope; picture-in-picture; web-share\" referrerpolicy=\"strict-origin-when-cross-origin\" allowfullscreen><\/iframe>\n<\/div><\/figure>\n\n\n\n<h3 class=\"wp-block-heading\">La star inconnue<\/h3>\n\n\n\n<p>Film d&rsquo;animation en papier d\u00e9coup\u00e9 et peinture r\u00e9alis\u00e9 par les \u00e9l\u00e8ves de 6\u00e8me 3 du Coll\u00e8ge Georges BRASSENS<\/p>\n\n\n\n<figure class=\"wp-block-embed is-type-video is-provider-youtube wp-block-embed-youtube wp-embed-aspect-16-9 wp-has-aspect-ratio\"><div class=\"wp-block-embed__wrapper\">\n<iframe loading=\"lazy\" title=\"BDECINES 2024 - Coll\u00e8ge Georges BRASSENS - La star inconnue\" width=\"500\" height=\"281\" src=\"https:\/\/www.youtube.com\/embed\/OFKZVjRZ5hc?feature=oembed\" frameborder=\"0\" allow=\"accelerometer; autoplay; clipboard-write; encrypted-media; gyroscope; picture-in-picture; web-share\" referrerpolicy=\"strict-origin-when-cross-origin\" allowfullscreen><\/iframe>\n<\/div><\/figure>\n\n\n\n<h3 class=\"wp-block-heading\">Balade bancale<\/h3>\n\n\n\n<p>Un film d&rsquo;animation en photographies d\u00e9coup\u00e9es, coll\u00e9es et annim\u00e9es r\u00e9alis\u00e9 par les \u00e9l\u00e8ves de la MLDS du lyc\u00e9e Jacques de Flesselles \u00e0 Lyon en 2018.<\/p>\n\n\n\n<figure class=\"wp-block-embed is-type-video is-provider-youtube wp-block-embed-youtube wp-embed-aspect-16-9 wp-has-aspect-ratio\"><div class=\"wp-block-embed__wrapper\">\n<iframe loading=\"lazy\" title=\"balade bancale\" width=\"500\" height=\"281\" src=\"https:\/\/www.youtube.com\/embed\/u8XiPGN702Q?feature=oembed\" frameborder=\"0\" allow=\"accelerometer; autoplay; clipboard-write; encrypted-media; gyroscope; picture-in-picture; web-share\" referrerpolicy=\"strict-origin-when-cross-origin\" allowfullscreen><\/iframe>\n<\/div><\/figure>\n\n\n\n<h3 class=\"wp-block-heading\">L&rsquo;avenir entre nos mains<\/h3>\n\n\n\n<p>Film r\u00e9alis\u00e9 par les \u00e9l\u00e8ves de 4\u00e8me A et 4\u00e8me D du coll\u00e8ge Xavier Bichat \u00e0 Nantua.<\/p>\n\n\n\n<figure class=\"wp-block-embed is-type-video is-provider-youtube wp-block-embed-youtube wp-embed-aspect-16-9 wp-has-aspect-ratio\"><div class=\"wp-block-embed__wrapper\">\n<iframe loading=\"lazy\" title=\"L&#039;avenir entre nos mains\" width=\"500\" height=\"281\" src=\"https:\/\/www.youtube.com\/embed\/0EGkyeLskDQ?feature=oembed\" frameborder=\"0\" allow=\"accelerometer; autoplay; clipboard-write; encrypted-media; gyroscope; picture-in-picture; web-share\" referrerpolicy=\"strict-origin-when-cross-origin\" allowfullscreen><\/iframe>\n<\/div><\/figure>\n\n\n\n<h3 class=\"wp-block-heading\">La machine \u00e0 r\u00eaves<\/h3>\n\n\n\n<p>Un court-m\u00e9trage en p\u00e2te \u00e0 modeler r\u00e9alis\u00e9 par les \u00e9l\u00e8ves de l&rsquo;\u00e9cole Charpieu \u00e0 D\u00e9cines.<\/p>\n\n\n\n<figure class=\"wp-block-embed is-type-rich is-provider-prise-en-charge-des-contenus-embarqu-s wp-block-embed-prise-en-charge-des-contenus-embarqu-s wp-embed-aspect-16-9 wp-has-aspect-ratio\"><div class=\"wp-block-embed__wrapper\">\n<iframe loading=\"lazy\" title=\"BD\u00e9cines 2022 - Ecole Charpieu - La machine \u00e0 r\u00eaves\" width=\"500\" height=\"281\" src=\"https:\/\/www.youtube.com\/embed\/fMH9G7D60Ug?feature=oembed\" frameborder=\"0\" allow=\"accelerometer; autoplay; clipboard-write; encrypted-media; gyroscope; picture-in-picture; web-share\" referrerpolicy=\"strict-origin-when-cross-origin\" allowfullscreen><\/iframe>\n<\/div><\/figure>\n\n\n\n<h3 class=\"wp-block-heading\">Le loup et les extraterrestres<\/h3>\n\n\n\n<p id=\"block-6b8382e2-4e11-4871-bae4-a91bf6397348\">Un court m\u00e9trage d&rsquo;animation en papier d\u00e9coup\u00e9 r\u00e9alis\u00e9 par les \u00e9l\u00e8ves de Mme Soler de l&rsquo;\u00e9cole le Baraillon \u00e0 Tassin-la-demi-lune en 2023.<\/p>\n\n\n\n<figure class=\"wp-block-embed is-type-video is-provider-youtube wp-block-embed-youtube wp-embed-aspect-16-9 wp-has-aspect-ratio\"><div class=\"wp-block-embed__wrapper\">\n<iframe loading=\"lazy\" title=\"Le loup et les extraterrestres\" width=\"500\" height=\"281\" src=\"https:\/\/www.youtube.com\/embed\/sae7nA-0uak?feature=oembed\" frameborder=\"0\" allow=\"accelerometer; autoplay; clipboard-write; encrypted-media; gyroscope; picture-in-picture; web-share\" referrerpolicy=\"strict-origin-when-cross-origin\" allowfullscreen><\/iframe>\n<\/div><\/figure>\n\n\n\n<hr class=\"wp-block-separator has-alpha-channel-opacity\"\/>\n\n\n\n<h3 class=\"wp-block-heading\">Les derniers ateliers stop-motion sur le blog<\/h3>\n\n\n<ul class=\"wp-block-latest-posts__list is-grid columns-4 has-dates aligncenter wp-block-latest-posts\"><li><div class=\"wp-block-latest-posts__featured-image\"><a href=\"https:\/\/gommascope.org\/index.php\/2025\/09\/09\/kitchen-stop-motion\/\" aria-label=\"Kitchen Stop Motion\"><img loading=\"lazy\" decoding=\"async\" width=\"1\" height=\"1\" src=\"https:\/\/gommascope.org\/wp-content\/uploads\/2025\/09\/kitchen-stop_motion.jpg\" class=\"attachment-thumbnail size-thumbnail wp-post-image\" alt=\"Tuto pour faire un film en stop motion dans sa cuisine\" style=\"\" \/><\/a><\/div><a class=\"wp-block-latest-posts__post-title\" href=\"https:\/\/gommascope.org\/index.php\/2025\/09\/09\/kitchen-stop-motion\/\">Kitchen Stop Motion<\/a><time datetime=\"2025-09-09T11:03:51+02:00\" class=\"wp-block-latest-posts__post-date\">9 septembre 2025<\/time><\/li>\n<li><div class=\"wp-block-latest-posts__featured-image\"><a href=\"https:\/\/gommascope.org\/index.php\/2025\/06\/16\/laventure-mysterieuse-de-toby-le-lapin\/\" aria-label=\"L&rsquo;aventure myst\u00e9rieuse de Toby le lapin\"><img loading=\"lazy\" decoding=\"async\" width=\"150\" height=\"150\" src=\"https:\/\/gommascope.org\/wp-content\/uploads\/2025\/06\/vlcsnap-2025-06-16-15h26m42s206-150x150.png\" class=\"attachment-thumbnail size-thumbnail wp-post-image\" alt=\"\" style=\"\" \/><\/a><\/div><a class=\"wp-block-latest-posts__post-title\" href=\"https:\/\/gommascope.org\/index.php\/2025\/06\/16\/laventure-mysterieuse-de-toby-le-lapin\/\">L&rsquo;aventure myst\u00e9rieuse de Toby le lapin<\/a><time datetime=\"2025-06-16T15:59:23+02:00\" class=\"wp-block-latest-posts__post-date\">16 juin 2025<\/time><\/li>\n<li><div class=\"wp-block-latest-posts__featured-image\"><a href=\"https:\/\/gommascope.org\/index.php\/2025\/05\/27\/films-bedecines-2025\/\" aria-label=\"Films B\u00e9d\u00e9cines 2025\"><img loading=\"lazy\" decoding=\"async\" width=\"150\" height=\"150\" src=\"https:\/\/gommascope.org\/wp-content\/uploads\/2025\/05\/DSC_0416_1-150x150.jpg\" class=\"attachment-thumbnail size-thumbnail wp-post-image\" alt=\"\" style=\"\" \/><\/a><\/div><a class=\"wp-block-latest-posts__post-title\" href=\"https:\/\/gommascope.org\/index.php\/2025\/05\/27\/films-bedecines-2025\/\">Films B\u00e9d\u00e9cines 2025<\/a><time datetime=\"2025-05-27T17:03:26+02:00\" class=\"wp-block-latest-posts__post-date\">27 mai 2025<\/time><\/li>\n<li><div class=\"wp-block-latest-posts__featured-image\"><a href=\"https:\/\/gommascope.org\/index.php\/2024\/05\/03\/films-bedecines-2024\/\" aria-label=\"Films B\u00e9d\u00e9cines 2024\"><img loading=\"lazy\" decoding=\"async\" width=\"150\" height=\"150\" src=\"https:\/\/gommascope.org\/wp-content\/uploads\/2024\/05\/DSC_0239-150x150.jpg\" class=\"attachment-thumbnail size-thumbnail wp-post-image\" alt=\"\" style=\"\" \/><\/a><\/div><a class=\"wp-block-latest-posts__post-title\" href=\"https:\/\/gommascope.org\/index.php\/2024\/05\/03\/films-bedecines-2024\/\">Films B\u00e9d\u00e9cines 2024<\/a><time datetime=\"2024-05-03T09:45:26+02:00\" class=\"wp-block-latest-posts__post-date\">3 mai 2024<\/time><\/li>\n<\/ul>","protected":false},"excerpt":{"rendered":"<p>Atelier de d\u00e9couverte du cin\u00e9ma d\u2019animation et r\u00e9alisation collective d\u2019un court-m\u00e9trage en stop-motion \u00e0 Lyon et en Rh\u00f4ne-Alpes, depuis le sc\u00e9nario jusqu\u2019aux bruitages \u00e0 r\u00e9aliser avec votre classe, centre de loisir, MJC&#8230; Dur\u00e9e : de 3 h pour une courte session de d\u00e9couverte \u00e0 30 heures pour la r\u00e9alisation collective d\u2019un court m\u00e9tragePublic : 5 [&hellip;]<\/p>\n","protected":false},"author":1,"featured_media":0,"parent":131,"menu_order":0,"comment_status":"closed","ping_status":"closed","template":"","meta":{"footnotes":""},"class_list":["post-24","page","type-page","status-publish","hentry"],"yoast_head":"<!-- This site is optimized with the Yoast SEO plugin v26.3 - https:\/\/yoast.com\/wordpress\/plugins\/seo\/ -->\n<title>Atelier stop-motion \/ cin\u00e9ma d&#039;animation - Le Gommascope<\/title>\n<meta name=\"description\" content=\"Atelier de d\u00e9couverte du cin\u00e9ma d\u2019animation et r\u00e9alisation collective d\u2019un court-m\u00e9trage en stop-motion autour de Lyon.\" \/>\n<meta name=\"robots\" content=\"index, follow, max-snippet:-1, max-image-preview:large, max-video-preview:-1\" \/>\n<link rel=\"canonical\" href=\"https:\/\/gommascope.org\/index.php\/ateliers\/atelier-stop-motion\/\" \/>\n<meta property=\"og:locale\" content=\"fr_FR\" \/>\n<meta property=\"og:type\" content=\"article\" \/>\n<meta property=\"og:title\" content=\"Atelier stop-motion \/ cin\u00e9ma d&#039;animation - Le Gommascope\" \/>\n<meta property=\"og:description\" content=\"Atelier de d\u00e9couverte du cin\u00e9ma d\u2019animation et r\u00e9alisation collective d\u2019un court-m\u00e9trage en stop-motion autour de Lyon.\" \/>\n<meta property=\"og:url\" content=\"https:\/\/gommascope.org\/index.php\/ateliers\/atelier-stop-motion\/\" \/>\n<meta property=\"og:site_name\" content=\"Le Gommascope\" \/>\n<meta property=\"article:modified_time\" content=\"2025-09-09T12:38:28+00:00\" \/>\n<meta property=\"og:image\" content=\"https:\/\/gommascope.org\/wp-content\/uploads\/2025\/06\/DSC_8436-scaled.jpg\" \/>\n\t<meta property=\"og:image:width\" content=\"2560\" \/>\n\t<meta property=\"og:image:height\" content=\"1440\" \/>\n\t<meta property=\"og:image:type\" content=\"image\/jpeg\" \/>\n<meta name=\"twitter:card\" content=\"summary_large_image\" \/>\n<meta name=\"twitter:label1\" content=\"Dur\u00e9e de lecture estim\u00e9e\" \/>\n\t<meta name=\"twitter:data1\" content=\"3 minutes\" \/>\n<script type=\"application\/ld+json\" class=\"yoast-schema-graph\">{\"@context\":\"https:\/\/schema.org\",\"@graph\":[{\"@type\":\"WebPage\",\"@id\":\"https:\/\/gommascope.org\/index.php\/ateliers\/atelier-stop-motion\/\",\"url\":\"https:\/\/gommascope.org\/index.php\/ateliers\/atelier-stop-motion\/\",\"name\":\"Atelier stop-motion \/ cin\u00e9ma d'animation - Le Gommascope\",\"isPartOf\":{\"@id\":\"https:\/\/gommascope.org\/#website\"},\"primaryImageOfPage\":{\"@id\":\"https:\/\/gommascope.org\/index.php\/ateliers\/atelier-stop-motion\/#primaryimage\"},\"image\":{\"@id\":\"https:\/\/gommascope.org\/index.php\/ateliers\/atelier-stop-motion\/#primaryimage\"},\"thumbnailUrl\":\"https:\/\/gommascope.org\/wp-content\/uploads\/2025\/06\/DSC_8436-1024x576.jpg\",\"datePublished\":\"2018-03-25T15:06:17+00:00\",\"dateModified\":\"2025-09-09T12:38:28+00:00\",\"description\":\"Atelier de d\u00e9couverte du cin\u00e9ma d\u2019animation et r\u00e9alisation collective d\u2019un court-m\u00e9trage en stop-motion autour de Lyon.\",\"breadcrumb\":{\"@id\":\"https:\/\/gommascope.org\/index.php\/ateliers\/atelier-stop-motion\/#breadcrumb\"},\"inLanguage\":\"fr-FR\",\"potentialAction\":[{\"@type\":\"ReadAction\",\"target\":[\"https:\/\/gommascope.org\/index.php\/ateliers\/atelier-stop-motion\/\"]}]},{\"@type\":\"ImageObject\",\"inLanguage\":\"fr-FR\",\"@id\":\"https:\/\/gommascope.org\/index.php\/ateliers\/atelier-stop-motion\/#primaryimage\",\"url\":\"https:\/\/gommascope.org\/wp-content\/uploads\/2025\/06\/DSC_8436-scaled.jpg\",\"contentUrl\":\"https:\/\/gommascope.org\/wp-content\/uploads\/2025\/06\/DSC_8436-scaled.jpg\",\"width\":2560,\"height\":1440},{\"@type\":\"BreadcrumbList\",\"@id\":\"https:\/\/gommascope.org\/index.php\/ateliers\/atelier-stop-motion\/#breadcrumb\",\"itemListElement\":[{\"@type\":\"ListItem\",\"position\":1,\"name\":\"Accueil\",\"item\":\"https:\/\/gommascope.org\/\"},{\"@type\":\"ListItem\",\"position\":2,\"name\":\"Nos ateliers\",\"item\":\"https:\/\/gommascope.org\/index.php\/ateliers\/\"},{\"@type\":\"ListItem\",\"position\":3,\"name\":\"Atelier stop-motion \/ cin\u00e9ma d&rsquo;animation\"}]},{\"@type\":\"WebSite\",\"@id\":\"https:\/\/gommascope.org\/#website\",\"url\":\"https:\/\/gommascope.org\/\",\"name\":\"Le Gommascope\",\"description\":\"Ateliers de cr\u00e9ation artistique et d\u2019\u00e9ducation \u00e0 l\u2019image\",\"publisher\":{\"@id\":\"https:\/\/gommascope.org\/#organization\"},\"potentialAction\":[{\"@type\":\"SearchAction\",\"target\":{\"@type\":\"EntryPoint\",\"urlTemplate\":\"https:\/\/gommascope.org\/?s={search_term_string}\"},\"query-input\":{\"@type\":\"PropertyValueSpecification\",\"valueRequired\":true,\"valueName\":\"search_term_string\"}}],\"inLanguage\":\"fr-FR\"},{\"@type\":\"Organization\",\"@id\":\"https:\/\/gommascope.org\/#organization\",\"name\":\"Le Gommascope\",\"url\":\"https:\/\/gommascope.org\/\",\"logo\":{\"@type\":\"ImageObject\",\"inLanguage\":\"fr-FR\",\"@id\":\"https:\/\/gommascope.org\/#\/schema\/logo\/image\/\",\"url\":\"https:\/\/gommascope.org\/wp-content\/uploads\/2023\/10\/logo-webp.webp\",\"contentUrl\":\"https:\/\/gommascope.org\/wp-content\/uploads\/2023\/10\/logo-webp.webp\",\"width\":92,\"height\":92,\"caption\":\"Le Gommascope\"},\"image\":{\"@id\":\"https:\/\/gommascope.org\/#\/schema\/logo\/image\/\"}}]}<\/script>\n<!-- \/ Yoast SEO plugin. -->","yoast_head_json":{"title":"Atelier stop-motion \/ cin\u00e9ma d'animation - Le Gommascope","description":"Atelier de d\u00e9couverte du cin\u00e9ma d\u2019animation et r\u00e9alisation collective d\u2019un court-m\u00e9trage en stop-motion autour de Lyon.","robots":{"index":"index","follow":"follow","max-snippet":"max-snippet:-1","max-image-preview":"max-image-preview:large","max-video-preview":"max-video-preview:-1"},"canonical":"https:\/\/gommascope.org\/index.php\/ateliers\/atelier-stop-motion\/","og_locale":"fr_FR","og_type":"article","og_title":"Atelier stop-motion \/ cin\u00e9ma d'animation - Le Gommascope","og_description":"Atelier de d\u00e9couverte du cin\u00e9ma d\u2019animation et r\u00e9alisation collective d\u2019un court-m\u00e9trage en stop-motion autour de Lyon.","og_url":"https:\/\/gommascope.org\/index.php\/ateliers\/atelier-stop-motion\/","og_site_name":"Le Gommascope","article_modified_time":"2025-09-09T12:38:28+00:00","og_image":[{"width":2560,"height":1440,"url":"https:\/\/gommascope.org\/wp-content\/uploads\/2025\/06\/DSC_8436-scaled.jpg","type":"image\/jpeg"}],"twitter_card":"summary_large_image","twitter_misc":{"Dur\u00e9e de lecture estim\u00e9e":"3 minutes"},"schema":{"@context":"https:\/\/schema.org","@graph":[{"@type":"WebPage","@id":"https:\/\/gommascope.org\/index.php\/ateliers\/atelier-stop-motion\/","url":"https:\/\/gommascope.org\/index.php\/ateliers\/atelier-stop-motion\/","name":"Atelier stop-motion \/ cin\u00e9ma d'animation - Le Gommascope","isPartOf":{"@id":"https:\/\/gommascope.org\/#website"},"primaryImageOfPage":{"@id":"https:\/\/gommascope.org\/index.php\/ateliers\/atelier-stop-motion\/#primaryimage"},"image":{"@id":"https:\/\/gommascope.org\/index.php\/ateliers\/atelier-stop-motion\/#primaryimage"},"thumbnailUrl":"https:\/\/gommascope.org\/wp-content\/uploads\/2025\/06\/DSC_8436-1024x576.jpg","datePublished":"2018-03-25T15:06:17+00:00","dateModified":"2025-09-09T12:38:28+00:00","description":"Atelier de d\u00e9couverte du cin\u00e9ma d\u2019animation et r\u00e9alisation collective d\u2019un court-m\u00e9trage en stop-motion autour de Lyon.","breadcrumb":{"@id":"https:\/\/gommascope.org\/index.php\/ateliers\/atelier-stop-motion\/#breadcrumb"},"inLanguage":"fr-FR","potentialAction":[{"@type":"ReadAction","target":["https:\/\/gommascope.org\/index.php\/ateliers\/atelier-stop-motion\/"]}]},{"@type":"ImageObject","inLanguage":"fr-FR","@id":"https:\/\/gommascope.org\/index.php\/ateliers\/atelier-stop-motion\/#primaryimage","url":"https:\/\/gommascope.org\/wp-content\/uploads\/2025\/06\/DSC_8436-scaled.jpg","contentUrl":"https:\/\/gommascope.org\/wp-content\/uploads\/2025\/06\/DSC_8436-scaled.jpg","width":2560,"height":1440},{"@type":"BreadcrumbList","@id":"https:\/\/gommascope.org\/index.php\/ateliers\/atelier-stop-motion\/#breadcrumb","itemListElement":[{"@type":"ListItem","position":1,"name":"Accueil","item":"https:\/\/gommascope.org\/"},{"@type":"ListItem","position":2,"name":"Nos ateliers","item":"https:\/\/gommascope.org\/index.php\/ateliers\/"},{"@type":"ListItem","position":3,"name":"Atelier stop-motion \/ cin\u00e9ma d&rsquo;animation"}]},{"@type":"WebSite","@id":"https:\/\/gommascope.org\/#website","url":"https:\/\/gommascope.org\/","name":"Le Gommascope","description":"Ateliers de cr\u00e9ation artistique et d\u2019\u00e9ducation \u00e0 l\u2019image","publisher":{"@id":"https:\/\/gommascope.org\/#organization"},"potentialAction":[{"@type":"SearchAction","target":{"@type":"EntryPoint","urlTemplate":"https:\/\/gommascope.org\/?s={search_term_string}"},"query-input":{"@type":"PropertyValueSpecification","valueRequired":true,"valueName":"search_term_string"}}],"inLanguage":"fr-FR"},{"@type":"Organization","@id":"https:\/\/gommascope.org\/#organization","name":"Le Gommascope","url":"https:\/\/gommascope.org\/","logo":{"@type":"ImageObject","inLanguage":"fr-FR","@id":"https:\/\/gommascope.org\/#\/schema\/logo\/image\/","url":"https:\/\/gommascope.org\/wp-content\/uploads\/2023\/10\/logo-webp.webp","contentUrl":"https:\/\/gommascope.org\/wp-content\/uploads\/2023\/10\/logo-webp.webp","width":92,"height":92,"caption":"Le Gommascope"},"image":{"@id":"https:\/\/gommascope.org\/#\/schema\/logo\/image\/"}}]}},"_links":{"self":[{"href":"https:\/\/gommascope.org\/index.php\/wp-json\/wp\/v2\/pages\/24","targetHints":{"allow":["GET"]}}],"collection":[{"href":"https:\/\/gommascope.org\/index.php\/wp-json\/wp\/v2\/pages"}],"about":[{"href":"https:\/\/gommascope.org\/index.php\/wp-json\/wp\/v2\/types\/page"}],"author":[{"embeddable":true,"href":"https:\/\/gommascope.org\/index.php\/wp-json\/wp\/v2\/users\/1"}],"replies":[{"embeddable":true,"href":"https:\/\/gommascope.org\/index.php\/wp-json\/wp\/v2\/comments?post=24"}],"version-history":[{"count":54,"href":"https:\/\/gommascope.org\/index.php\/wp-json\/wp\/v2\/pages\/24\/revisions"}],"predecessor-version":[{"id":753,"href":"https:\/\/gommascope.org\/index.php\/wp-json\/wp\/v2\/pages\/24\/revisions\/753"}],"up":[{"embeddable":true,"href":"https:\/\/gommascope.org\/index.php\/wp-json\/wp\/v2\/pages\/131"}],"wp:attachment":[{"href":"https:\/\/gommascope.org\/index.php\/wp-json\/wp\/v2\/media?parent=24"}],"curies":[{"name":"wp","href":"https:\/\/api.w.org\/{rel}","templated":true}]}}